{"id":268,"date":"2024-03-26T16:33:51","date_gmt":"2024-03-26T15:33:51","guid":{"rendered":"http:\/\/www.monitormusic.se\/?page_id=268"},"modified":"2024-03-26T16:33:59","modified_gmt":"2024-03-26T15:33:59","slug":"uppdatering","status":"publish","type":"page","link":"https:\/\/www.monitormusic.se\/","title":{"rendered":"Uppdatering"},"content":{"rendered":"<p style=\"text-align: center;\">Sidan h\u00e5ller p\u00e5 att uppdateras och \u00e4r snart online igen.<\/p>\n<p style=\"text-align: center;\">Monitor Music<\/p>\n","protected":false},"excerpt":{"rendered":"<p>Sidan h\u00e5ller p\u00e5 att uppdateras och \u00e4r snart online igen. Monitor Music<\/p>\n","protected":false},"author":1,"featured_media":0,"parent":0,"menu_order":0,"comment_status":"closed","ping_status":"closed","template":"","meta":{"footnotes":""},"_links":{"self":[{"href":"https:\/\/www.monitormusic.se\/index.php?rest_route=\/wp\/v2\/pages\/268"}],"collection":[{"href":"https:\/\/www.monitormusic.se\/index.php?rest_route=\/wp\/v2\/pages"}],"about":[{"href":"https:\/\/www.monitormusic.se\/index.php?rest_route=\/wp\/v2\/types\/page"}],"author":[{"embeddable":true,"href":"https:\/\/www.monitormusic.se\/index.php?rest_route=\/wp\/v2\/users\/1"}],"replies":[{"embeddable":true,"href":"https:\/\/www.monitormusic.se\/index.php?rest_route=%2Fwp%2Fv2%2Fcomments&post=268"}],"version-history":[{"count":2,"href":"https:\/\/www.monitormusic.se\/index.php?rest_route=\/wp\/v2\/pages\/268\/revisions"}],"predecessor-version":[{"id":270,"href":"https:\/\/www.monitormusic.se\/index.php?rest_route=\/wp\/v2\/pages\/268\/revisions\/270"}],"wp:attachment":[{"href":"https:\/\/www.monitormusic.se\/index.php?rest_route=%2Fwp%2Fv2%2Fmedia&parent=268"}],"curies":[{"name":"wp","href":"https:\/\/api.w.org\/{rel}","templated":true}]}}